{"id":353,"date":"2023-06-08T16:09:18","date_gmt":"2023-06-08T16:09:18","guid":{"rendered":"https:\/\/web2.cityfit.de\/?page_id=353"},"modified":"2023-08-10T16:17:00","modified_gmt":"2023-08-10T16:17:00","slug":"betriebliche-gesundheitsfoerderung-bgf","status":"publish","type":"page","link":"https:\/\/cityfit.de\/?page_id=353","title":{"rendered":"Betriebliche Gesundheitsf\u00f6rderung (BGF)"},"content":{"rendered":"<div class='gt3_row-fluid'><div style='padding-bottom:40px;' class='gt3_col6 first-module module_number_1 module_cont  module_text_area'>\n                <div class='module_content'>\n                    <p><img fetchpriority=\"high\" decoding=\"async\" src=\"\/wp-content\/uploads\/2023\/02\/BGF-Arla.jpg\" alt=\"\" width=\"600\" height=\"432\" \/><\/p>\n                <\/div><\/div><!-- .module_cont --><div style='padding-bottom:40px;' class='gt3_col6  module_number_2 module_cont  module_text_area'>\n                <div class='module_content'>\n                    <p class=\"MsoNormal\" style=\"margin-bottom: 0.0001pt; line-height: normal; background-image: initial; background-position: initial; background-size: initial; background-repeat: initial; background-attachment: initial; background-origin: initial; background-clip: initial;\"><span style=\"font-size: 10.5pt; font-family: 'Verdana','sans-serif'; mso-fareast-font-family: 'Times New Roman'; mso-bidi-font-family: Arial; color: #222222; mso-fareast-language: DE;\">Die Mitarbeiter(innen) erhalten von der arla foods GmbH einen j&auml;hrlichen, Lohnsteuer- und sozialversicherungsfreien Bonus auf ihren Studiomitgliedsbeitrag im city fit.<\/span><\/p>\r\n<p class=\"MsoNormal\" style=\"margin-bottom: 0.0001pt; line-height: normal; background-image: initial; background-position: initial; background-size: initial; background-repeat: initial; background-attachment: initial; background-origin: initial; background-clip: initial;\"><span style=\"font-size: 10.5pt; font-family: 'Verdana','sans-serif'; mso-fareast-font-family: 'Times New Roman'; mso-bidi-font-family: Arial; color: #222222; mso-fareast-language: DE;\">Zus&auml;tzlich erhalten diese Mitarbeiter, auf Wunsch, vom Trainerteam des city fit&nbsp; eine professionelle Trainingsplanung und fachliche Trainingsbetreuung.<\/span><\/p>\r\n<p class=\"MsoNormal\" style=\"margin-bottom: 0.0001pt; line-height: normal; background-image: initial; background-position: initial; background-size: initial; background-repeat: initial; background-attachment: initial; background-origin: initial; background-clip: initial;\"><span style=\"color: #222222; font-family: Verdana, sans-serif; font-size: 10.5pt;\">Dar&uuml;ber hinaus werden zuk&uuml;nftig regelm&auml;&szlig;ige Gesundheitstage in Zusammenarbeit mit ortsans&auml;ssigen Kostentr&auml;gern im Unternehmen durchgef&uuml;hrt.<\/span><\/p>\n                <\/div><\/div><!-- .module_cont --><\/div><div class='gt3_row-fluid'><div style='padding-bottom:40px;' class='gt3_col3  module_number_3 module_cont  module_text_area'>\n                <div class='module_content'>\n                    <p><img decoding=\"async\" src=\"\/wp-content\/uploads\/2023\/02\/Unser-Tipp.jpg\" alt=\"\" width=\"200\" height=\"150\" \/><\/p>\n                <\/div><\/div><!-- .module_cont --><div style='padding-bottom:40px;' class='gt3_col6  module_number_4 module_cont  module_text_area'>\n                <div class='module_content'>\n                    <p class=\"MsoNormal\" style=\"margin-bottom: 0.0001pt; line-height: normal; background-image: initial; background-position: initial; background-size: initial; background-repeat: initial; background-attachment: initial; background-origin: initial; background-clip: initial;\"><span style=\"font-size: 10.5pt; font-family: 'Verdana','sans-serif'; mso-fareast-font-family: 'Times New Roman'; mso-bidi-font-family: Arial; color: #222222; mso-fareast-language: DE;\">Grunds&auml;tzlich lohnt es sich f&uuml;r Arbeitgeber immer in die Gesundheit und Fitness der Angestellten zu investieren.<\/span><\/p>\r\n<p class=\"MsoNormal\" style=\"margin-bottom: 0.0001pt; line-height: normal; background-image: initial; background-position: initial; background-size: initial; background-repeat: initial; background-attachment: initial; background-origin: initial; background-clip: initial;\">&nbsp;<\/p>\r\n<p class=\"MsoNormal\" style=\"margin-bottom: 0.0001pt; line-height: normal; background-image: initial; background-position: initial; background-size: initial; background-repeat: initial; background-attachment: initial; background-origin: initial; background-clip: initial;\"><span style=\"font-size: 10.5pt; font-family: 'Verdana','sans-serif'; mso-fareast-font-family: 'Times New Roman'; mso-bidi-font-family: Arial; color: #222222; mso-fareast-language: DE;\">Jeder investierte Euro zahlt sich in der Zukunft aus, denn gesunde und fitte Mitarbeiter sind motivierter und leistungsf&auml;higer.&nbsp;<\/span><\/p>\n                <\/div><\/div><!-- .module_cont --><div style='padding-bottom:40px;' class='gt3_col3  module_number_5 module_cont  module_text_area'>\n                <div class='module_content'>\n                    <p><img decoding=\"async\" src=\"\/wp-content\/uploads\/2023\/02\/Fotolia_144136963_Subscription_Monthly_XXL-1.jpg\" alt=\"\" width=\"800\" height=\"534\" \/><\/p>\n                <\/div><\/div><!-- .module_cont --><\/div><div class='gt3_row-fluid'><div style='padding-bottom:40px;' class='gt3_col12  module_number_6 module_cont  module_text_area'>\n                <div class='module_content'>\n                    <p><strong><span style=\"font-size: 12pt; line-height: 115%; font-family: Verdana, sans-serif; color: #222222; background-image: initial; background-position: initial; background-size: initial; background-repeat: initial; background-attachment: initial; background-origin: initial; background-clip: initial;\">Bei Fragen oder einem m&ouml;glichen Kooperationswunsch, wenden sie sich bitte an unser Experten Team &ndash; wir finden gemeinsam eine individuelle L&ouml;sung f&uuml;r ihr Unternehmen.<\/span><\/strong><\/p>\n                <\/div><\/div><!-- .module_cont --><\/div><div class='gt3_row-fluid'><div style='padding-bottom:40px;' class='gt3_col12  module_number_7 module_cont  module_divider'><hr class=\"gt3 type1 \"><\/div><!-- .module_cont --><\/div><div class='gt3_row-fluid'><div style='padding-bottom:40px;' class='gt3_col6  module_number_8 module_cont  module_title'><div class='bg_title'><h3 style='' class='headInModule'>BGF - FIRMEN FITNESS<\/h3><\/div><\/div><!-- .module_cont --><div style='padding-bottom:40px;' class='gt3_col6  module_number_9 module_cont  module_title'><div class='bg_title'><h3 style='' class='headInModule'>Wir verbessern Ihr Betriebsergebnis<\/h3><\/div><\/div><!-- .module_cont --><\/div><div class='gt3_row-fluid'><div style='padding-bottom:40px;' class='gt3_col6  module_number_10 module_cont  module_text_area'>\n                <div class='module_content'>\n                    <p><img loading=\"lazy\" decoding=\"async\" src=\"\/wp-content\/uploads\/2023\/02\/Fotolia_132595491_Subscription_Monthly_XXL.jpg\" alt=\"\" width=\"500\" height=\"333\" \/><\/p>\n                <\/div><\/div><!-- .module_cont --><div style='padding-bottom:40px;' class='gt3_col6  module_number_11 module_cont  module_text_area'>\n                <div class='module_content'>\n                    <p><span style=\"background-color: #000000; color: #ffffff;\"><strong>IHR ZIEL.<\/strong><\/span><br \/><span style=\"background-color: #000000; color: #ffffff;\"><strong>UNSER PLAN.<\/strong><\/span><br \/><span style=\"background-color: #000000; color: #ffffff;\"><strong>GEMEINSAM ERFOLGREICH.<\/strong><\/span><\/p>\r\n<p>&nbsp;<\/p>\r\n<p>Firmenfitness<br \/>Gesundheitstage<br \/>Pr&auml;ventionskurse<\/p>\n                <\/div><\/div><!-- .module_cont --><\/div><div class='gt3_row-fluid'><div style='padding-bottom:40px;' class='gt3_col12  module_number_12 module_cont  module_iconboxes'>\n\t\t\t<div class='module_content shortcode_iconbox'>\n\t\t\t\t\n\t\t\t\t<div class='iconbox_wrapper'>\t\t\t\t\t\n\t\t\t\t\t\t<div class='ico_wrapper'>\n\t\t\t\t\t\t\t<div class='ico'>\n\t\t\t\t\t\t\t\t<i class=icon-thumbs-up><\/i>\n\t\t\t\t\t\t\t<\/div>\n\t\t\t\t\t\t<\/div>\n\t\t\t\t\t\t<div class='iconbox_body'>\n\t\t\t\t\t\t\t<div class='iconbox_title'><\/div>\n\t\t\t\t\t\t\t<p><strong>Der Erfolg Ihres Unternehmens ist in einem hohen Ma&szlig; von der Leistungsf&auml;higkeit und Leistungsbereitschaft Ihrer Mitarbeiter abh&auml;ngig. Die Grundvoraussetzung daf&uuml;r ist die Gesundheit der Mitarbeiter.<\/strong><\/p>\r\n<p><strong>Erh&ouml;hen Sie die Produktivit&auml;t, verbessern Sie das Arbeitsklima und steigern Sie das Image Ihres Unternehmens mit Gruppentraining, das nach den Richtlinien der gesetzlichen Krankenkasse durchgef&uuml;hrt wird.<\/strong><\/p>\n\t\t\t\t\t\t<\/div>\n\t\t\t\t<\/div>\n\t\t\t\t\n\t\t\t<\/div>\n\t\t\t<\/div><!-- .module_cont --><\/div><div class='gt3_row-fluid'><div style='padding-bottom:40px;' class='gt3_col6  module_number_13 module_cont  module_contact_info'><div class='bg_title'><h3 style='' class='headInModule'>Vorteile f\u00fcr Ihr Unternehmen:<\/h3><\/div><ul class='contact_info_list'><li class='contact_info_item'><div class='contact_info_wrapper'><span class='contact_info_icon' style='background:#c5c5c5;'><i style='color:#ffffff' class='icon-chevron-right'><\/i><\/span><div class=\"contact_info_text\">Imagegewinn und Steigerung des Ansehens der Firma in der Region durch ein aktives Gesundheitsprogramm<\/div><\/div><\/li><li class='contact_info_item'><div class='contact_info_wrapper'><span class='contact_info_icon' style='background:#c5c5c5;'><i style='color:#ffffff' class='icon-chevron-right'><\/i><\/span><div class=\"contact_info_text\">Steuerersparnis (\u00a7 8 EstG \/ 44 Euro pro Monat und Mitarbeiter)<\/div><\/div><\/li><li class='contact_info_item'><div class='contact_info_wrapper'><span class='contact_info_icon' style='background:#c5c5c5;'><i style='color:#ffffff' class='icon-chevron-right'><\/i><\/span><div class=\"contact_info_text\">Senkung der durch Krankheit und Arztbesuche verursachten Kosten<\/div><\/div><\/li><li class='contact_info_item'><div class='contact_info_wrapper'><span class='contact_info_icon' style='background:#c5c5c5;'><i style='color:#ffffff' class='icon-chevron-right'><\/i><\/span><div class=\"contact_info_text\">Motivationssteigerung der Mitarbeiter<\/div><\/div><\/li><li class='contact_info_item'><div class='contact_info_wrapper'><span class='contact_info_icon' style='background:#c5c5c5;'><i style='color:#ffffff' class='icon-chevron-right'><\/i><\/span><div class=\"contact_info_text\">Minderung krankheitsbedingter Fehlzeiten<\/div><\/div><\/li><li class='contact_info_item'><div class='contact_info_wrapper'><span class='contact_info_icon' style='background:#c5c5c5;'><i style='color:#ffffff' class='icon-chevron-right'><\/i><\/span><div class=\"contact_info_text\">St\u00e4rkere Firmenidentifikation der Mitarbeiter<\/div><\/div><\/li><li class='contact_info_item'><div class='contact_info_wrapper'><span class='contact_info_icon' style='background:#c5c5c5;'><i style='color:#ffffff' class='icon-chevron-right'><\/i><\/span><div class=\"contact_info_text\">Zusammenarbeit der city fit GmbH mit verschiedenen Krankenkassen<\/div><\/div><\/li><\/ul><\/div><!-- .module_cont --><div style='padding-bottom:40px;' class='gt3_col6  module_number_14 module_cont  module_text_area'>\n                <div class='module_content'>\n                    <p><img loading=\"lazy\" decoding=\"async\" src=\"\/wp-content\/uploads\/2023\/02\/Fotolia_119532147_M-1.jpg\" alt=\"\" width=\"600\" height=\"401\" \/><\/p>\n                <\/div><\/div><!-- .module_cont --><\/div><div class='gt3_row-fluid'><div style='padding-bottom:40px;' class='gt3_col6  module_number_15 module_cont  module_contact_info'><div class='bg_title'><h3 style='' class='headInModule'>Vorteile f\u00fcr die Mitarbeiter:<\/h3><\/div><ul class='contact_info_list'><li class='contact_info_item'><div class='contact_info_wrapper'><span class='contact_info_icon' style='background:#c5c5c5;'><i style='color:#ffffff' class='icon-check'><\/i><\/span><div class=\"contact_info_text\">Stressabbau und ein verbessertes Wohlbefinden<\/div><\/div><\/li><li class='contact_info_item'><div class='contact_info_wrapper'><span class='contact_info_icon' style='background:#c5c5c5;'><i style='color:#ffffff' class='icon-check'><\/i><\/span><div class=\"contact_info_text\">Erh\u00f6hte Gesundheit und eine positive Lebenseinstellung<\/div><\/div><\/li><li class='contact_info_item'><div class='contact_info_wrapper'><span class='contact_info_icon' style='background:#c5c5c5;'><i style='color:#ffffff' class='icon-check'><\/i><\/span><div class=\"contact_info_text\">Finanzielle Vorteile durch verg\u00fcnstigte Konditionen<\/div><\/div><\/li><li class='contact_info_item'><div class='contact_info_wrapper'><span class='contact_info_icon' style='background:#c5c5c5;'><i style='color:#ffffff' class='icon-check'><\/i><\/span><div class=\"contact_info_text\">Steigerung der k\u00f6rperlichen und geistigen Leistungsf\u00e4higkeit<\/div><\/div><\/li><li class='contact_info_item'><div class='contact_info_wrapper'><span class='contact_info_icon' style='background:#c5c5c5;'><i style='color:#ffffff' class='icon-check'><\/i><\/span><div class=\"contact_info_text\">Vermeidung fr\u00fchzeitiger degenerativer Prozesse an Muskulatur und Skelett durch St\u00e4rkung der gesamten Muskulatur<\/div><\/div><\/li><li class='contact_info_item'><div class='contact_info_wrapper'><span class='contact_info_icon' style='background:#c5c5c5;'><i style='color:#ffffff' class='icon-check'><\/i><\/span><div class=\"contact_info_text\">Kr\u00e4ftigung des Herzkreislaufsystems durch regelm\u00e4\u00dfiges Training<\/div><\/div><\/li><li class='contact_info_item'><div class='contact_info_wrapper'><span class='contact_info_icon' style='background:#c5c5c5;'><i style='color:#ffffff' class='icon-check'><\/i><\/span><div class=\"contact_info_text\">Steigerung der Produktivit\u00e4t durch erh\u00f6hte Leistungsbereitschaft und Zufriedenheit<\/div><\/div><\/li><li class='contact_info_item'><div class='contact_info_wrapper'><span class='contact_info_icon' style='background:#c5c5c5;'><i style='color:#ffffff' class='icon-check'><\/i><\/span><div class=\"contact_info_text\">Aktive Freizeitalternative in schwierigen Lebensphasen<\/div><\/div><\/li><\/ul><\/div><!-- .module_cont --><div style='padding-bottom:40px;' class='gt3_col6  module_number_16 module_cont  module_text_area'>\n                <div class='module_content'>\n                    <p><img loading=\"lazy\" decoding=\"async\" src=\"\/wp-content\/uploads\/2023\/02\/wirbelsaeulengymnastik.jpg\" alt=\"\" width=\"800\" height=\"534\" \/><\/p>\n                <\/div><\/div><!-- .module_cont --><\/div><div class='gt3_row-fluid'><div style='padding-bottom:40px;' class='gt3_col12  module_number_17 module_cont  module_divider'><hr class=\"gt3 type1 \"><\/div><!-- .module_cont --><\/div><div class='gt3_row-fluid'><div style='padding-bottom:40px;' class='gt3_col12  module_number_18 module_cont  module_title'><div class='bg_title'><h3 style='' class='headInModule'>Unsere Firmen Fitness Angebote<\/h3><\/div><\/div><!-- .module_cont --><\/div><div class='gt3_row-fluid'><div style='padding-bottom:40px;' class='gt3_col12  module_number_19 module_cont  module_text_area'>\n                <div class='module_content'>\n                    <p><img loading=\"lazy\" decoding=\"async\" src=\"\/wp-content\/uploads\/2023\/02\/BGF-1.jpg\" alt=\"\" width=\"500\" height=\"500\" \/><\/p>\n                <\/div><\/div><!-- .module_cont --><\/div><div class='gt3_row-fluid'><div style='padding-bottom:40px;' class='gt3_col12  module_number_20 module_cont  module_text_area'><div class='bg_title'><h3 style='' class='headInModule'>Jeder investierte Euro zahlt sich aus<\/h3><\/div>\n                <div class='module_content'>\n                    <p><img loading=\"lazy\" decoding=\"async\" src=\"\/wp-content\/uploads\/2023\/02\/Fotolia_81098479.jpg\" alt=\"\" width=\"500\" height=\"208\" \/><\/p>\n                <\/div><\/div><!-- .module_cont --><\/div><div class='gt3_row-fluid'><div style='padding-bottom:40px;' class='gt3_col12  module_number_21 module_cont  module_text_area'>\n                <div class='module_content'>\n                    <p>Der Freibetrag von 500,00 Euro pro Mitarbeiter und Kalenderjahr soll Sie als Arbeitgeber dazu motivieren, sich mehr f&uuml;r die Mitarbeitergesundheit zu engagieren. Nach &sect; 3 Nr. 34 EStG k&ouml;nnen Leistungen des Arbeitgebers zum Zwecke der betrieblichen Gesundheitsf&ouml;rderung zus&auml;tzlich zum Gehalt bzw. Lohn als Freibetrag geltend gemacht werden.<\/p>\r\n<p>Profitieren Sie als Arbeitgeber durch die Betriebliche Gesundheitsf&ouml;rderung doppelt - durch ges&uuml;ndere Mitarbeiter und den gef&ouml;rderten Freibetrag. Experten sch&auml;tzen, dass bis zu 35 % aller Ausfallkosten durch pr&auml;ventive Ma&szlig;nahmen eingespart werden k&ouml;nnen.<\/p>\r\n<p>Unsere Angebote entsprechen hinsichtlich Qualit&auml;t und Ziel den Anforderungen der &sect;&sect; 20 und 20a (SGB V).<\/p>\n                <\/div><\/div><!-- .module_cont --><\/div><div class='gt3_row-fluid'><div style='padding-bottom:40px;' class='gt3_col12  module_number_22 module_cont  module_divider'><hr class=\"gt3 type1 \"><\/div><!-- .module_cont --><\/div><div class='gt3_row-fluid'><div style='padding-bottom:40px;' class='gt3_col6  module_number_23 module_cont  module_title'><div class='bg_title'><h3 style='color:#275249;' class='headInModule'>Haben wir Sie neugierig gemacht?<\/h3><\/div><\/div><!-- .module_cont --><div style='padding-bottom:40px;' class='gt3_col6  module_number_24 module_cont  module_title'><div class='bg_title'><h3 style='color:#275249;' class='headInModule'>Haben Sie noch Fragen?<\/h3><\/div><\/div><!-- .module_cont --><\/div><div class='gt3_row-fluid'><div style='padding-bottom:40px;' class='gt3_col8  module_number_25 module_cont  module_text_area'>\n                <div class='module_content'>\n                    <p>Rufen Sie uns an oder senden Sie uns eine eMail. Wir vereinbaren gerne einen Beratungstermin in unseren oder Ihren R&auml;umen und stellen Ihnen unsere Leistungen im Detail vor. Gern senden wir Ihnen auch ein individuelles Angebot zu.<\/p>\n                <\/div><\/div><!-- .module_cont --><div style='padding-bottom:40px;' class='gt3_col4  module_number_26 module_cont  module_promo_text'>\n\t\t\t<div class=\"shortcode_promoblock  no_button_text  no_button_link \">\n\t\t\t\t<div class=\"promoblock_wrapper\">\n\t\t\t\t\t<div class=\"promo_text_block\">\n\t\t\t\t\t\t<div class=\"promo_text_block_wrapper\">\n\t\t\t\t\t\t\t<h4 >Rufen Sie uns an!<\/h4>\n\t\t\t\t\t\t\t<h6 >+49 (0) 6561 \/ 96 73 0<\/h6>\n\t\t\t\t\t\t<\/div>\n\t\t\t\t\t<\/div>\n\t\t\t\t\t\t\n\t\t\t\t<\/div>\n\t\t\t<\/div>\n            <div class=\"clear\"><\/div>\n\t\t\t<\/div><!-- .module_cont --><\/div>","protected":false},"excerpt":{"rendered":"<p>Die Mitarbeiter(innen) erhalten von der arla foods GmbH einen j&auml;hrlichen, Lohnsteuer- und sozialversicherungsfreien Bonus auf ihren Studiomitgliedsbeitrag im city fit. Zus&auml;tzlich erhalten diese Mitarbeiter, auf Wunsch, vom Trainerteam des city fit&nbsp; eine professionelle Trainingsplanung und fachliche Trainingsbetreuung. Dar&uuml;ber hinaus werden zuk&uuml;nftig regelm&auml;&szlig;ige Gesundheitstage in Zusammenarbeit mit ortsans&auml;ssigen Kostentr&auml;gern im Unternehmen durchgef&uuml;hrt. Grunds&auml;tzlich lohnt es sich f&uuml;r Arbeitgeber immer in die Gesundheit und Fitness der Angestellten zu investieren. &nbsp; Jeder investierte Euro zahlt sich in der Zukunft aus, denn gesunde und fitte Mitarbeiter sind motivierter und leistungsf&auml;higer.&nbsp; Bei Fragen oder einem m&ouml;glichen Kooperationswunsch, wenden sie sich bitte an unser Experten Team &ndash; wir finden gemeinsam eine individuelle L&ouml;sung f&uuml;r ihr Unternehmen. BGF &#8211; FIRMEN FITNESSWir verbessern Ihr Betriebsergebnis IHR ZIEL.UNSER PLAN.GEMEINSAM ERFOLGREICH. &nbsp; FirmenfitnessGesundheitstagePr&auml;ventionskurse Der Erfolg Ihres Unternehmens ist in einem hohen Ma&szlig; von der Leistungsf&auml;higkeit und Leistungsbereitschaft Ihrer Mitarbeiter abh&auml;ngig. Die Grundvoraussetzung daf&uuml;r ist die Gesundheit der Mitarbeiter. Erh&ouml;hen Sie die Produktivit&auml;t, verbessern Sie das Arbeitsklima und steigern Sie das Image Ihres Unternehmens mit Gruppentraining, das nach den Richtlinien der gesetzlichen Krankenkasse durchgef&uuml;hrt wird. Vorteile f\u00fcr Ihr Unternehmen:Imagegewinn und Steigerung des Ansehens der Firma in der Region durch ein aktives GesundheitsprogrammSteuerersparnis (\u00a7 8 EstG \/ 44 Euro pro Monat und [&hellip;]<\/p>\n","protected":false},"author":1,"featured_media":0,"parent":0,"menu_order":0,"comment_status":"closed","ping_status":"closed","template":"","meta":{"advanced_seo_description":"","jetpack_seo_html_title":"","jetpack_seo_noindex":false,"footnotes":""},"class_list":["post-353","page","type-page","status-publish","hentry"],"jetpack_sharing_enabled":true,"_links":{"self":[{"href":"https:\/\/cityfit.de\/index.php?rest_route=\/wp\/v2\/pages\/353","targetHints":{"allow":["GET"]}}],"collection":[{"href":"https:\/\/cityfit.de\/index.php?rest_route=\/wp\/v2\/pages"}],"about":[{"href":"https:\/\/cityfit.de\/index.php?rest_route=\/wp\/v2\/types\/page"}],"author":[{"embeddable":true,"href":"https:\/\/cityfit.de\/index.php?rest_route=\/wp\/v2\/users\/1"}],"replies":[{"embeddable":true,"href":"https:\/\/cityfit.de\/index.php?rest_route=%2Fwp%2Fv2%2Fcomments&post=353"}],"version-history":[{"count":2,"href":"https:\/\/cityfit.de\/index.php?rest_route=\/wp\/v2\/pages\/353\/revisions"}],"predecessor-version":[{"id":2260,"href":"https:\/\/cityfit.de\/index.php?rest_route=\/wp\/v2\/pages\/353\/revisions\/2260"}],"wp:attachment":[{"href":"https:\/\/cityfit.de\/index.php?rest_route=%2Fwp%2Fv2%2Fmedia&parent=353"}],"curies":[{"name":"wp","href":"https:\/\/api.w.org\/{rel}","templated":true}]}}