{"id":287,"date":"2023-06-07T16:06:14","date_gmt":"2023-06-07T16:06:14","guid":{"rendered":"https:\/\/web2.cityfit.de\/?page_id=287"},"modified":"2025-09-08T09:37:52","modified_gmt":"2025-09-08T09:37:52","slug":"tarife","status":"publish","type":"page","link":"https:\/\/cityfit.de\/?page_id=287","title":{"rendered":"Tarife"},"content":{"rendered":"<div class='gt3_row-fluid'><div style='padding-bottom:40px;' class='gt3_col12 first-module module_number_1 module_cont  module_contact_info'><div class='bg_title'><h2 style='color:#001087;' class='headInModule'>Warum wir?<\/h2><\/div><ul class='contact_info_list'><li class='contact_info_item'><div class='contact_info_wrapper'><span class='contact_info_icon' style='background:#c5c5c5;'><i style='color:#ffffff' class='icon-question-circle'><\/i><\/span><div class=\"contact_info_text\">Wir sind ein Familienunternehmen. Uns liegt eine famili\u00e4re Atmosph\u00e4re am Herzen. Unser qualifiziertes Personal steht Dir bei Anliegen immer zur Seite<\/div><\/div><\/li><li class='contact_info_item'><div class='contact_info_wrapper'><span class='contact_info_icon' style='background:#c5c5c5;'><i style='color:#ffffff' class='icon-question-circle'><\/i><\/span><div class=\"contact_info_text\">Unsere Tarife sind transparent. Bei uns gibt es keine versteckten Kosten<\/div><\/div><\/li><li class='contact_info_item'><div class='contact_info_wrapper'><span class='contact_info_icon' style='background:#c5c5c5;'><i style='color:#ffffff' class='icon-question-circle'><\/i><\/span><div class=\"contact_info_text\">Deine Gesundheit liegt uns am Herzen. Wir gehen Deine Beschwerden proaktiv an und verhelfen Dir zur Besserung<\/div><\/div><\/li><li class='contact_info_item'><div class='contact_info_wrapper'><span class='contact_info_icon' style='background:#c5c5c5;'><i style='color:#ffffff' class='icon-question-circle'><\/i><\/span><div class=\"contact_info_text\">Abwechslungsreiches Kursprogramm mit \u00fcber 20 Kursen \/ Woche<\/div><\/div><\/li><\/ul><\/div><!-- .module_cont --><\/div><div class='gt3_row-fluid'><div style='padding-bottom:40px;' class='gt3_col12  module_number_2 module_cont  module_divider'><hr class=\"gt3 type1 \"><\/div><!-- .module_cont --><\/div><div class='gt3_row-fluid'><div style='padding-bottom:40px;' class='gt3_col12  module_number_3 module_cont  module_contact_info'><div class='bg_title'><h2 style='color:#001087;' class='headInModule'>Deine Mitgliedschaft bei uns<\/h2><\/div><ul class='contact_info_list'><li class='contact_info_item'><div class='contact_info_wrapper'><span class='contact_info_icon' style='background:#c5c5c5;'><i style='color:#ffffff' class='icon-plus-circle'><\/i><\/span><div class=\"contact_info_text\">hochwertige TECHNOGym Ger\u00e4tepark<\/div><\/div><\/li><li class='contact_info_item'><div class='contact_info_wrapper'><span class='contact_info_icon' style='background:#c5c5c5;'><i style='color:#ffffff' class='icon-plus-circle'><\/i><\/span><div class=\"contact_info_text\">EGYM Smart Strength Kraftzirkel<\/div><\/div><\/li><li class='contact_info_item'><div class='contact_info_wrapper'><span class='contact_info_icon' style='background:#c5c5c5;'><i style='color:#ffffff' class='icon-plus-circle'><\/i><\/span><div class=\"contact_info_text\">EGYM Smart Flex Beweglichkeitszirkel<\/div><\/div><\/li><li class='contact_info_item'><div class='contact_info_wrapper'><span class='contact_info_icon' style='background:#c5c5c5;'><i style='color:#ffffff' class='icon-plus-circle'><\/i><\/span><div class=\"contact_info_text\">Eigener Bereich f\u00fcr Freihanteltraining & Functional Training<\/div><\/div><\/li><li class='contact_info_item'><div class='contact_info_wrapper'><span class='contact_info_icon' style='background:#c5c5c5;'><i style='color:#ffffff' class='icon-plus-circle'><\/i><\/span><div class=\"contact_info_text\">MATRIX Cardio Ger\u00e4te<\/div><\/div><\/li><li class='contact_info_item'><div class='contact_info_wrapper'><span class='contact_info_icon' style='background:#c5c5c5;'><i style='color:#ffffff' class='icon-plus-circle'><\/i><\/span><div class=\"contact_info_text\">Vibrationstraining VibraFit<\/div><\/div><\/li><li class='contact_info_item'><div class='contact_info_wrapper'><span class='contact_info_icon' style='background:#c5c5c5;'><i style='color:#ffffff' class='icon-plus-circle'><\/i><\/span><div class=\"contact_info_text\">Gem\u00fctlicher Saunabereich<\/div><\/div><\/li><li class='contact_info_item'><div class='contact_info_wrapper'><span class='contact_info_icon' style='background:#c5c5c5;'><i style='color:#ffffff' class='icon-plus-circle'><\/i><\/span><div class=\"contact_info_text\">Wasser und Mineralgetr\u00e4nke Flatrate<\/div><\/div><\/li><li class='contact_info_item'><div class='contact_info_wrapper'><span class='contact_info_icon' style='background:#c5c5c5;'><i style='color:#ffffff' class='icon-plus-circle'><\/i><\/span><div class=\"contact_info_text\">Pr\u00e4ventionskurse nach \u00a720<\/div><\/div><\/li><li class='contact_info_item'><div class='contact_info_wrapper'><span class='contact_info_icon' style='background:#c5c5c5;'><i style='color:#ffffff' class='icon-plus-circle'><\/i><\/span><div class=\"contact_info_text\">Rehasport<\/div><\/div><\/li><li class='contact_info_item'><div class='contact_info_wrapper'><span class='contact_info_icon' style='background:#c5c5c5;'><i style='color:#ffffff' class='icon-plus-circle'><\/i><\/span><div class=\"contact_info_text\">Cyclilng<\/div><\/div><\/li><\/ul><\/div><!-- .module_cont --><\/div><div class='gt3_row-fluid'><div style='padding-bottom:40px;' class='gt3_col12  module_number_4 module_cont  module_divider'><hr class=\"gt3 type1 \"><\/div><!-- .module_cont --><\/div><div class='gt3_row-fluid'><div style='padding-bottom:40px;' class='gt3_col12  module_number_5 module_cont  module_price_table'><div class=\"module_price_table price_table_wrapper\">\n                <div class=\"price_item \" style=\"width:33.333333333333%;\">\n                    <div class=\"price_item_wrapper\">\n\t\t\t\t\t\t<div class=\"price_item_title\"><h5>FLEXIBEL<\/h5><\/div>\n\t\t\t\t\t\t<div class=\"price_item_body\">\n\t\t\t\t\t\t\t<div class=\"item_cost_wrapper\">\n\t\t\t\t\t\t\t\t<div class=\"price_item_cost\">\n\t\t\t\t\t\t\t\t\t<h2>69,00<\/h2>\n\t\t\t\t\t\t\t\t\t<span>\/ MONAT<\/span>\n\t\t\t\t\t\t\t\t<\/div>\n\t\t\t\t\t\t\t\t<div class=\"price_ico_default\"><\/div>\n\t\t\t\t\t\t\t<\/div><!-- .item_cost_wrapper --><div class=\"price_item_text\">\u25a0 monatlich k\u00fcndbar<\/div><div class=\"price_item_text\">\u25a0 hohe Flexibilit\u00e4t<\/div><div class=\"price_item_btn\"><a href=\"http:\/\/www.mysports.com\/studio\/cityfit-bitburg\/contract\/1222610730\/offers?v=true\" class=\"\">VERTAG ABSCHLIESSEN<\/a><\/div>\t\t\t<\/div>\n                    <\/div>\n                <\/div>\n            \n                <div class=\"price_item \" style=\"width:33.333333333333%;\">\n                    <div class=\"price_item_wrapper\">\n\t\t\t\t\t\t<div class=\"price_item_title\"><h5>KLASSIK<\/h5><\/div>\n\t\t\t\t\t\t<div class=\"price_item_body\">\n\t\t\t\t\t\t\t<div class=\"item_cost_wrapper\">\n\t\t\t\t\t\t\t\t<div class=\"price_item_cost\">\n\t\t\t\t\t\t\t\t\t<h2>59,00<\/h2>\n\t\t\t\t\t\t\t\t\t<span>\/ MONAT<\/span>\n\t\t\t\t\t\t\t\t<\/div>\n\t\t\t\t\t\t\t\t<div class=\"price_ico_default\"><\/div>\n\t\t\t\t\t\t\t<\/div><!-- .item_cost_wrapper --><div class=\"price_item_text\">\u25a0 Erstlaufzeit 12 Monate<\/div><div class=\"price_item_text\">\u25a0 danach monatlich k\u00fcndbar<\/div><div class=\"price_item_btn\"><a href=\"http:\/\/www.mysports.com\/studio\/cityfit-bitburg\/contract\/1222610730\/offers?v=true\" class=\"\">VERTAG ABSCHLIESSEN<\/a><\/div>\t\t\t<\/div>\n                    <\/div>\n                <\/div>\n            \n                <div class=\"price_item \" style=\"width:33.333333333333%;\">\n                    <div class=\"price_item_wrapper\">\n\t\t\t\t\t\t<div class=\"price_item_title\"><h5>KLASSIK JAHRESZAHLER<\/h5><\/div>\n\t\t\t\t\t\t<div class=\"price_item_body\">\n\t\t\t\t\t\t\t<div class=\"item_cost_wrapper\">\n\t\t\t\t\t\t\t\t<div class=\"price_item_cost\">\n\t\t\t\t\t\t\t\t\t<h2>649,00<\/h2>\n\t\t\t\t\t\t\t\t\t<span>\/ JAHR<\/span>\n\t\t\t\t\t\t\t\t<\/div>\n\t\t\t\t\t\t\t\t<div class=\"price_ico_default\"><\/div>\n\t\t\t\t\t\t\t<\/div><!-- .item_cost_wrapper --><div class=\"price_item_text\">\u25a0 Zahlung im Voraus<\/div><div class=\"price_item_text\">\u25a0 1 Monat gratis trainieren<\/div><div class=\"price_item_btn\"><a href=\"http:\/\/www.mysports.com\/studio\/cityfit-bitburg\/contract\/1222610730\/offers?v=true\" class=\"\">VERTAG ABSCHLIESSEN<\/a><\/div>\t\t\t<\/div>\n                    <\/div>\n                <\/div>\n            <\/div><\/div><!-- .module_cont --><\/div><div class='gt3_row-fluid'><div style='padding-bottom:40px;' class='gt3_col12  module_number_6 module_cont  module_price_table'><div class=\"module_price_table price_table_wrapper\">\n                <div class=\"price_item \" style=\"width:33.333333333333%;\">\n                    <div class=\"price_item_wrapper\">\n\t\t\t\t\t\t<div class=\"price_item_title\"><h5>SCH\u00dcLER\/IN<\/h5><\/div>\n\t\t\t\t\t\t<div class=\"price_item_body\">\n\t\t\t\t\t\t\t<div class=\"item_cost_wrapper\">\n\t\t\t\t\t\t\t\t<div class=\"price_item_cost\">\n\t\t\t\t\t\t\t\t\t<h2>49,00<\/h2>\n\t\t\t\t\t\t\t\t\t<span>\/ MONAT<\/span>\n\t\t\t\t\t\t\t\t<\/div>\n\t\t\t\t\t\t\t\t<div class=\"price_ico_default\"><\/div>\n\t\t\t\t\t\t\t<\/div><!-- .item_cost_wrapper --><div class=\"price_item_text\">\u25a0 16 - 24 Jahre (Erstlaufzeit 3 Monate)<\/div><div class=\"price_item_btn\"><a href=\"http:\/\/cityfit.de\/?page_id=180\" class=\"\">TERMIN VEREINBAREN<\/a><\/div>\t\t\t<\/div>\n                    <\/div>\n                <\/div>\n            \n                <div class=\"price_item \" style=\"width:33.333333333333%;\">\n                    <div class=\"price_item_wrapper\">\n\t\t\t\t\t\t<div class=\"price_item_title\"><h5>10er PUNKTEKARTE<\/h5><\/div>\n\t\t\t\t\t\t<div class=\"price_item_body\">\n\t\t\t\t\t\t\t<div class=\"item_cost_wrapper\">\n\t\t\t\t\t\t\t\t<div class=\"price_item_cost\">\n\t\t\t\t\t\t\t\t\t<h2>124,00<\/h2>\n\t\t\t\t\t\t\t\t\t<span>\/ EINMALIG<\/span>\n\t\t\t\t\t\t\t\t<\/div>\n\t\t\t\t\t\t\t\t<div class=\"price_ico_default\"><\/div>\n\t\t\t\t\t\t\t<\/div><!-- .item_cost_wrapper --><div class=\"price_item_text\">\u25a0 G\u00fcltigkeit: 6 Monate<\/div><div class=\"price_item_btn\"><a href=\"http:\/\/cityfit.de\/?page_id=180\" class=\"\">TERMIN VEREINBAREN<\/a><\/div>\t\t\t<\/div>\n                    <\/div>\n                <\/div>\n            \n                <div class=\"price_item \" style=\"width:33.333333333333%;\">\n                    <div class=\"price_item_wrapper\">\n\t\t\t\t\t\t<div class=\"price_item_title\"><h5>20er PUNKTEKARTE<\/h5><\/div>\n\t\t\t\t\t\t<div class=\"price_item_body\">\n\t\t\t\t\t\t\t<div class=\"item_cost_wrapper\">\n\t\t\t\t\t\t\t\t<div class=\"price_item_cost\">\n\t\t\t\t\t\t\t\t\t<h2>224,00<\/h2>\n\t\t\t\t\t\t\t\t\t<span>\/ EINMALIG<\/span>\n\t\t\t\t\t\t\t\t<\/div>\n\t\t\t\t\t\t\t\t<div class=\"price_ico_default\"><\/div>\n\t\t\t\t\t\t\t<\/div><!-- .item_cost_wrapper --><div class=\"price_item_text\">\u25a0 G\u00fcltigkeit: 12 Monate<\/div><div class=\"price_item_btn\"><a href=\"http:\/\/cityfit.de\/?page_id=180\" class=\"\">TERMIN VEREINBAREN<\/a><\/div>\t\t\t<\/div>\n                    <\/div>\n                <\/div>\n            <\/div><\/div><!-- .module_cont --><\/div>","protected":false},"excerpt":{"rendered":"<p>Warum wir?Wir sind ein Familienunternehmen. Uns liegt eine famili\u00e4re Atmosph\u00e4re am Herzen. Unser qualifiziertes Personal steht Dir bei Anliegen immer zur SeiteUnsere Tarife sind transparent. Bei uns gibt es keine versteckten KostenDeine Gesundheit liegt uns am Herzen. Wir gehen Deine Beschwerden proaktiv an und verhelfen Dir zur BesserungAbwechslungsreiches Kursprogramm mit \u00fcber 20 Kursen \/ WocheDeine Mitgliedschaft bei unshochwertige TECHNOGym Ger\u00e4teparkEGYM Smart Strength KraftzirkelEGYM Smart Flex BeweglichkeitszirkelEigener Bereich f\u00fcr Freihanteltraining &#038; Functional TrainingMATRIX Cardio Ger\u00e4teVibrationstraining VibraFitGem\u00fctlicher SaunabereichWasser und Mineralgetr\u00e4nke FlatratePr\u00e4ventionskurse nach \u00a720RehasportCyclilng FLEXIBEL 69,00 \/ MONAT \u25a0 monatlich k\u00fcndbar\u25a0 hohe Flexibilit\u00e4tVERTAG ABSCHLIESSEN KLASSIK 59,00 \/ MONAT \u25a0 Erstlaufzeit 12 Monate\u25a0 danach monatlich k\u00fcndbarVERTAG ABSCHLIESSEN KLASSIK JAHRESZAHLER 649,00 \/ JAHR \u25a0 Zahlung im Voraus\u25a0 1 Monat gratis trainierenVERTAG ABSCHLIESSEN SCH\u00dcLER\/IN 49,00 \/ MONAT \u25a0 16 &#8211; 24 Jahre (Erstlaufzeit 3 Monate)TERMIN VEREINBAREN 10er PUNKTEKARTE 124,00 \/ EINMALIG \u25a0 G\u00fcltigkeit: 6 MonateTERMIN VEREINBAREN 20er PUNKTEKARTE 224,00 \/ EINMALIG \u25a0 G\u00fcltigkeit: 12 MonateTERMIN VEREINBAREN<\/p>\n","protected":false},"author":1,"featured_media":0,"parent":0,"menu_order":0,"comment_status":"closed","ping_status":"closed","template":"","meta":{"advanced_seo_description":"","jetpack_seo_html_title":"","jetpack_seo_noindex":false,"footnotes":""},"class_list":["post-287","page","type-page","status-publish","hentry"],"jetpack_sharing_enabled":true,"_links":{"self":[{"href":"https:\/\/cityfit.de\/index.php?rest_route=\/wp\/v2\/pages\/287","targetHints":{"allow":["GET"]}}],"collection":[{"href":"https:\/\/cityfit.de\/index.php?rest_route=\/wp\/v2\/pages"}],"about":[{"href":"https:\/\/cityfit.de\/index.php?rest_route=\/wp\/v2\/types\/page"}],"author":[{"embeddable":true,"href":"https:\/\/cityfit.de\/index.php?rest_route=\/wp\/v2\/users\/1"}],"replies":[{"embeddable":true,"href":"https:\/\/cityfit.de\/index.php?rest_route=%2Fwp%2Fv2%2Fcomments&post=287"}],"version-history":[{"count":1,"href":"https:\/\/cityfit.de\/index.php?rest_route=\/wp\/v2\/pages\/287\/revisions"}],"predecessor-version":[{"id":288,"href":"https:\/\/cityfit.de\/index.php?rest_route=\/wp\/v2\/pages\/287\/revisions\/288"}],"wp:attachment":[{"href":"https:\/\/cityfit.de\/index.php?rest_route=%2Fwp%2Fv2%2Fmedia&parent=287"}],"curies":[{"name":"wp","href":"https:\/\/api.w.org\/{rel}","templated":true}]}}