{"id":280,"date":"2023-05-13T12:41:04","date_gmt":"2023-05-13T12:41:04","guid":{"rendered":"https:\/\/web2.cityfit.de\/?page_id=280"},"modified":"2023-06-08T08:01:48","modified_gmt":"2023-06-08T08:01:48","slug":"rehasport","status":"publish","type":"page","link":"https:\/\/cityfit.de\/?page_id=280","title":{"rendered":"Rehasport"},"content":{"rendered":"<div class='gt3_row-fluid'><div style='padding-bottom:40px;' class='gt3_col6 first-module module_number_1 module_cont  module_text_area'>\n                <div class='module_content'>\n                    <p><span style=\"color: #58585a; font-family: Arial, Helvetica, sans-serif; text-align: justify;\">Rehabilitationssport wirkt mit den Mitteln des Sportes ganzheitlich auf den Menschen ein. Er ist auf die Art und die Schwere sowie den k&ouml;rperlichen Allgemeinzustand des Betroffenen abgestimmt.&nbsp;<\/span><br style=\"outline: none; margin: 0px; padding: 0px; color: #58585a; font-family: Arial, Helvetica, sans-serif; text-align: justify;\" \/><span style=\"color: #58585a; font-family: Arial, Helvetica, sans-serif; text-align: justify;\">Wir bieten den Rehasport in Gruppen und als Kursform an. Unsere qualifizierten &Uuml;bungsleiter beraten Sie gerne auf Basis Ihrer Verordnung, welche Art und welche Menge Rehasport f&uuml;r Sie am sinnvollsten ist.&nbsp;<\/span><br style=\"outline: none; margin: 0px; padding: 0px; color: #58585a; font-family: Arial, Helvetica, sans-serif; text-align: justify;\" \/><br style=\"outline: none; margin: 0px; padding: 0px; color: #58585a; font-family: Arial, Helvetica, sans-serif; text-align: justify;\" \/><span style=\"color: #58585a; font-family: Arial, Helvetica, sans-serif; text-align: justify;\">Beim Rehasport geht es nicht nur um das Absolvieren bestimmter &Uuml;bungen, sondern hier flie&szlig;en auch sportmethodische und p&auml;dagogische Aspekte ein: Regelm&auml;&szlig;igkeit, langfristige Steigerung der Belastung, p&auml;dagogische Einwirkung auf den Rehasportler, Gruppendynamik usw.&nbsp;<\/span><br style=\"outline: none; margin: 0px; padding: 0px; color: #58585a; font-family: Arial, Helvetica, sans-serif; text-align: justify;\" \/><span style=\"color: #58585a; font-family: Arial, Helvetica, sans-serif; text-align: justify;\">Beim Rehasport wird durch gezielte Gymnastik, Kr&auml;ftigung der stabilisierenden Muskulatur, Dehnung der verk&uuml;rzten Muskeln sowie Techniken der Mobilisation und Entspannung versucht, die K&ouml;rperfunktionen zu stabilisieren und der Beschwerden entgegen zu wirken.<\/span><\/p>\n                <\/div><\/div><!-- .module_cont --><div style='padding-bottom:40px;' class='gt3_col6  module_number_2 module_cont  module_text_area'>\n                <div class='module_content'>\n                    <p><img fetchpriority=\"high\" decoding=\"async\" src=\"\/wp-content\/uploads\/2023\/02\/Fotolia_40186897_L.jpg\" alt=\"\" width=\"1654\" height=\"1103\" \/><\/p>\n                <\/div><\/div><!-- .module_cont --><\/div><div class='gt3_row-fluid'><div style='padding-bottom:40px;' class='gt3_col12  module_number_3 module_cont  module_text_area'><div class='bg_title'><h3 style='' class='headInModule'>Wann kann ich starten?<\/h3><\/div>\n                <div class='module_content'>\n                    <p><img decoding=\"async\" src=\"\/wp-content\/uploads\/2023\/02\/Reha-1.jpg\" alt=\"\" width=\"2216\" height=\"1443\" \/><\/p>\r\n<p>&nbsp;<\/p>\r\n<p>Vor dem Rehabilitationstraining erfolg ein individuelles Gespr&auml;ch mit einem Fachberater, in dem wichtige Informationen durch gezielte Fragestellungen (Anamnese) gewonnen werden. Diese resultieren in pers&ouml;nlich abgestimmten Kursempfehlungen und Stundenempfehlungen f&uuml;r Ihr Rehasporttraining. Sobald ein Platz in einer zeitlich f&uuml;r Sie passenden Gruppe frei wird, k&ouml;nnen Sie mit dem Rehasport beginnen.<\/p>\r\n<p>&nbsp;<\/p>\n                <\/div><\/div><!-- .module_cont --><\/div><div class='gt3_row-fluid'><div style='padding-bottom:40px;' class='gt3_col12  module_number_4 module_cont  module_promo_text'>\n\t\t\t<div class=\"shortcode_promoblock  no_additional_text \">\n\t\t\t\t<div class=\"promoblock_wrapper\">\n\t\t\t\t\t<div class=\"promo_text_block\">\n\t\t\t\t\t\t<div class=\"promo_text_block_wrapper\">\n\t\t\t\t\t\t\t<h4 >Reha Sport Plus Mitgliedschaft - ab 45,00 \u20ac<\/h4>\n\t\t\t\t\t\t\t<h6 ><\/h6>\n\t\t\t\t\t\t<\/div>\n\t\t\t\t\t<\/div>\n\t\t\t\t\t\t<div class=\"promo_button_block\"><a href=\"https:\/\/www.gsv-bitburg.de\" class=\"\">mehr Infos<\/a><\/div>\n\t\t\t\t<\/div>\n\t\t\t<\/div>\n            <div class=\"clear\"><\/div>\n\t\t\t<\/div><!-- .module_cont --><\/div><div class='gt3_row-fluid'><div style='padding-bottom:40px;' class='gt3_col6  module_number_5 module_cont  module_text_area'>\n                <div class='module_content'>\n                    <p><img decoding=\"async\" src=\"\/wp-content\/uploads\/2023\/02\/Fotolia_75792045_Subscription_Monthly_XXL.jpg\" alt=\"\" width=\"500\" height=\"334\" \/><\/p>\n                <\/div><\/div><!-- .module_cont --><div style='padding-bottom:40px;' class='gt3_col6  module_number_6 module_cont  module_contact_info'><div class='bg_title'><h3 style='' class='headInModule'>Profitiere von diesen Vorteilen<\/h3><\/div><ul class='contact_info_list'><li class='contact_info_item'><div class='contact_info_wrapper'><span class='contact_info_icon' style='background:#c5c5c5;'><i style='color:#ffffff' class='icon-check'><\/i><\/span><div class=\"contact_info_text\">mehr Flexibilit\u00e4t durch freie Kurswahl<\/div><\/div><\/li><li class='contact_info_item'><div class='contact_info_wrapper'><span class='contact_info_icon' style='background:#c5c5c5;'><i style='color:#ffffff' class='icon-check'><\/i><\/span><div class=\"contact_info_text\">zweite zus\u00e4tzliche Trainingseinheit pro Woche<\/div><\/div><\/li><li class='contact_info_item'><div class='contact_info_wrapper'><span class='contact_info_icon' style='background:#c5c5c5;'><i style='color:#ffffff' class='icon-check'><\/i><\/span><div class=\"contact_info_text\">individuelles Training \/ Kursangebote<\/div><\/div><\/li><li class='contact_info_item'><div class='contact_info_wrapper'><span class='contact_info_icon' style='background:#c5c5c5;'><i style='color:#ffffff' class='icon-check'><\/i><\/span><div class=\"contact_info_text\">Trink Flatrate und Sauna<\/div><\/div><\/li><li class='contact_info_item'><div class='contact_info_wrapper'><span class='contact_info_icon' style='background:#c5c5c5;'><i style='color:#ffffff' class='icon-check'><\/i><\/span><div class=\"contact_info_text\">Rehafachtrainer Betreuung<\/div><\/div><\/li><\/ul><\/div><!-- .module_cont --><\/div><div class='gt3_row-fluid'><div style='padding-bottom:40px;' class='gt3_col6  module_number_7 module_cont  module_text_area'>\n                <div class='module_content'>\n                    <p>&nbsp;<\/p>\r\n<table>\r\n<tbody>\r\n<tr>\r\n<td>\r\n<h4 style=\"margin-bottom: 5px;\"><strong>12 Monate<\/strong><\/h4>\r\n<p>(Erstlaufzeit, max. 18 Monate)<\/p>\r\n<\/td>\r\n<td>\r\n<h4 style=\"margin-bottom: 5px;\">45,00 &euro;<\/h4>\r\n<p>(monatlich)<\/p>\r\n<\/td>\r\n<\/tr>\r\n<\/tbody>\r\n<\/table>\r\n<p style=\"text-align: justify;\">&nbsp;<\/p>\n                <\/div><\/div><!-- .module_cont --><div style='padding-bottom:40px;' class='gt3_col12  module_number_8 module_cont  module_divider'><hr class=\"gt3 type1 \"><\/div><!-- .module_cont --><\/div><div class='gt3_row-fluid'><div style='padding-bottom:40px;' class='gt3_col12  module_number_9 module_cont  module_text_area'><div class='bg_title'><h3 style='' class='headInModule'>Reha Plus Betreuung<\/h3><\/div>\n                <div class='module_content'>\n                    <p>Oft reicht die Kursteilnahme allein nicht aus, um m&ouml;glichst schnell wieder ins Berufsleben einsteigen zu k&ouml;nnen oder f&uuml;r den Alltag fit und schmerzfrei zu sein.<\/p>\r\n<p><strong>Deshalb - Kein \"Training von der Stange\"<\/strong><\/p>\r\n<p>Alle Therapie- und Trainingsprogramme werden auf deine individuellen Voraussetzungen und W&uuml;nsche abgestimmt. W&auml;hle aus unseren freiwilligen Zusatzoptionen Deinen pers&ouml;nlichen Weg aus.<\/p>\n                <\/div><\/div><!-- .module_cont --><\/div><div class='gt3_row-fluid'><div style='padding-bottom:40px;' class='gt3_col6  module_number_10 module_cont  module_text_area'>\n                <div class='module_content'>\n                    <p><img loading=\"lazy\" decoding=\"async\" src=\"\/wp-content\/uploads\/2023\/02\/Fotolia_122890445_Subscription_Monthly_XXL-1.jpg\" alt=\"\" width=\"500\" height=\"334\" \/><\/p>\n                <\/div><\/div><!-- .module_cont --><div style='padding-bottom:40px;' class='gt3_col6  module_number_11 module_cont  module_text_area'><div class='bg_title'><h3 style='' class='headInModule'>Reha - BASIC<\/h3><\/div>\n                <div class='module_content'>\n                    <p>Dein individuelles Trainings- und Therapieprogramme.<\/p>\r\n<p>Inklusive:<br \/>&raquo; Blutdruckmessung<br \/>&raquo; Individuelles Trainingsprogramm<br \/>&raquo; Fachtrainerbetreuung<\/p>\r\n<p>&nbsp;&nbsp;<\/p>\r\n<table>\r\n<tbody>\r\n<tr>\r\n<td>\r\n<h4 style=\"margin-bottom: 5px;\"><strong>Dauer:<br \/>120 Minuten<br \/>Rehafachbetreuung<\/strong><\/h4>\r\n<\/td>\r\n<td>\r\n<h4 style=\"margin-bottom: 5px;\">Geb&uuml;hr:<br \/>69,00 &euro;<\/h4>\r\n<\/td>\r\n<\/tr>\r\n<\/tbody>\r\n<\/table>\r\n<p style=\"text-align: justify;\">&nbsp;<\/p>\n                <\/div><\/div><!-- .module_cont --><\/div><div class='gt3_row-fluid'><div style='padding-bottom:40px;' class='gt3_col6  module_number_12 module_cont  module_text_area'><div class='bg_title'><h3 style='' class='headInModule'>Reha - PREMIUM<\/h3><\/div>\n                <div class='module_content'>\n                    <p>Wir starten zuerst mit Deiner Gesundheitsanalyse. Deine Testergebnisse flie&szlig;en direkt in Dein individuelles Trainingsprogramm ein.<\/p>\r\n<p>Inklusive:<br \/>&raquo; Blutdruckmessung<br \/>&raquo; 2 Module Gesundheitstesting \/ Diagnostik<br \/>&raquo; Individuelles Trainingsprogramm<br \/>&raquo; Fachtrainerbetreuung&nbsp;<\/p>\r\n<table>\r\n<tbody>\r\n<tr>\r\n<td>\r\n<h4 style=\"margin-bottom: 5px;\"><strong>Dauer:<br \/>180 Minuten&nbsp;<br \/>Rehafachbetreuung<\/strong><\/h4>\r\n<\/td>\r\n<td>\r\n<h4 style=\"margin-bottom: 5px;\">Geb&uuml;hr:<br \/>129,00 &euro;<\/h4>\r\n<\/td>\r\n<\/tr>\r\n<\/tbody>\r\n<\/table>\r\n<p style=\"text-align: justify;\">&nbsp;<\/p>\n                <\/div><\/div><!-- .module_cont --><div style='padding-bottom:40px;' class='gt3_col6  module_number_13 module_cont  module_text_area'>\n                <div class='module_content'>\n                    <p><img loading=\"lazy\" decoding=\"async\" src=\"\/wp-content\/uploads\/2023\/02\/Fotolia_163747615_Subscription_Monthly_XXL-scaled.jpg\" alt=\"\" width=\"500\" height=\"333\" \/><\/p>\n                <\/div><\/div><!-- .module_cont --><\/div><div class='gt3_row-fluid'><div style='padding-bottom:40px;' class='gt3_col12  module_number_14 module_cont  module_promo_text'><div class='bg_title'><h4 style='' class='headInModule'>Hinweis<\/h4><\/div>\n\t\t\t<div class=\"shortcode_promoblock  no_main_text  no_button_text  no_button_link \">\n\t\t\t\t<div class=\"promoblock_wrapper\">\n\t\t\t\t\t<div class=\"promo_text_block\">\n\t\t\t\t\t\t<div class=\"promo_text_block_wrapper\">\n\t\t\t\t\t\t\t<h4 ><\/h4>\n\t\t\t\t\t\t\t<h6 >Zur Nutzung der Zusatzoptionen ist die &quot;Reha Sport Plus&quot; Mitgliedschaft Voraussetzung. Die Mitgliedschaft ist nur w\u00e4hrend des Zeitraums der Verordnung g\u00fcltig und buchbar. Die Grundlaufzeit der &quot;Reha Sport Plus&quot; Mitgliedschaft betr\u00e4gt mindestens 12 Monate.<\/h6>\n\t\t\t\t\t\t<\/div>\n\t\t\t\t\t<\/div>\n\t\t\t\t\t\t\n\t\t\t\t<\/div>\n\t\t\t<\/div>\n            <div class=\"clear\"><\/div>\n\t\t\t<\/div><!-- .module_cont --><\/div><div class='gt3_row-fluid'><div style='padding-bottom:40px;' class='gt3_col12  module_number_15 module_cont  module_text_area'>\n                <div class='module_content'>\n                    <p style=\"text-align: center;\"><span style=\"text-align: center;\"><a href=\"https:\/\/www.gsv-bitburg.de\" target=\"_blank\" class=\"shortcode_button btn_normal btn_type5\"><span><i class=\"icon-globe\"><\/i><\/span>www.gsv-bitburg.de<\/a><\/span><\/p>\n                <\/div><\/div><!-- .module_cont --><\/div>","protected":false},"excerpt":{"rendered":"<p>Rehabilitationssport wirkt mit den Mitteln des Sportes ganzheitlich auf den Menschen ein. Er ist auf die Art und die Schwere sowie den k&ouml;rperlichen Allgemeinzustand des Betroffenen abgestimmt.&nbsp;Wir bieten den Rehasport in Gruppen und als Kursform an. Unsere qualifizierten &Uuml;bungsleiter beraten Sie gerne auf Basis Ihrer Verordnung, welche Art und welche Menge Rehasport f&uuml;r Sie am sinnvollsten ist.&nbsp;Beim Rehasport geht es nicht nur um das Absolvieren bestimmter &Uuml;bungen, sondern hier flie&szlig;en auch sportmethodische und p&auml;dagogische Aspekte ein: Regelm&auml;&szlig;igkeit, langfristige Steigerung der Belastung, p&auml;dagogische Einwirkung auf den Rehasportler, Gruppendynamik usw.&nbsp;Beim Rehasport wird durch gezielte Gymnastik, Kr&auml;ftigung der stabilisierenden Muskulatur, Dehnung der verk&uuml;rzten Muskeln sowie Techniken der Mobilisation und Entspannung versucht, die K&ouml;rperfunktionen zu stabilisieren und der Beschwerden entgegen zu wirken. Wann kann ich starten? &nbsp; Vor dem Rehabilitationstraining erfolg ein individuelles Gespr&auml;ch mit einem Fachberater, in dem wichtige Informationen durch gezielte Fragestellungen (Anamnese) gewonnen werden. Diese resultieren in pers&ouml;nlich abgestimmten Kursempfehlungen und Stundenempfehlungen f&uuml;r Ihr Rehasporttraining. Sobald ein Platz in einer zeitlich f&uuml;r Sie passenden Gruppe frei wird, k&ouml;nnen Sie mit dem Rehasport beginnen. &nbsp; Reha Sport Plus Mitgliedschaft &#8211; ab 45,00 \u20ac mehr Infos Profitiere von diesen Vorteilenmehr Flexibilit\u00e4t durch freie Kurswahlzweite zus\u00e4tzliche Trainingseinheit pro Wocheindividuelles Training \/ KursangeboteTrink Flatrate und [&hellip;]<\/p>\n","protected":false},"author":1,"featured_media":0,"parent":0,"menu_order":0,"comment_status":"closed","ping_status":"closed","template":"","meta":{"advanced_seo_description":"","jetpack_seo_html_title":"","jetpack_seo_noindex":false,"footnotes":""},"class_list":["post-280","page","type-page","status-publish","hentry"],"jetpack_sharing_enabled":true,"_links":{"self":[{"href":"https:\/\/cityfit.de\/index.php?rest_route=\/wp\/v2\/pages\/280","targetHints":{"allow":["GET"]}}],"collection":[{"href":"https:\/\/cityfit.de\/index.php?rest_route=\/wp\/v2\/pages"}],"about":[{"href":"https:\/\/cityfit.de\/index.php?rest_route=\/wp\/v2\/types\/page"}],"author":[{"embeddable":true,"href":"https:\/\/cityfit.de\/index.php?rest_route=\/wp\/v2\/users\/1"}],"replies":[{"embeddable":true,"href":"https:\/\/cityfit.de\/index.php?rest_route=%2Fwp%2Fv2%2Fcomments&post=280"}],"version-history":[{"count":1,"href":"https:\/\/cityfit.de\/index.php?rest_route=\/wp\/v2\/pages\/280\/revisions"}],"predecessor-version":[{"id":281,"href":"https:\/\/cityfit.de\/index.php?rest_route=\/wp\/v2\/pages\/280\/revisions\/281"}],"wp:attachment":[{"href":"https:\/\/cityfit.de\/index.php?rest_route=%2Fwp%2Fv2%2Fmedia&parent=280"}],"curies":[{"name":"wp","href":"https:\/\/api.w.org\/{rel}","templated":true}]}}