{"id":260,"date":"2023-05-12T12:00:44","date_gmt":"2023-05-12T12:00:44","guid":{"rendered":"https:\/\/web2.cityfit.de\/?page_id=260"},"modified":"2023-06-26T17:03:29","modified_gmt":"2023-06-26T17:03:29","slug":"egym","status":"publish","type":"page","link":"https:\/\/cityfit.de\/?page_id=260","title":{"rendered":"EGYM"},"content":{"rendered":"<div class='gt3_row-fluid'><div style='padding-bottom:40px;' class='gt3_col6 first-module module_number_1 module_cont  module_text_area'>\n                <div class='module_content'>\n                    <p><img fetchpriority=\"high\" decoding=\"async\" src=\"\/wp-content\/uploads\/2023\/02\/EGYM-FITNESS-HUB-FOTOS28994_EN_eciRGBv2-scaled-1.jpg\" alt=\"\" width=\"600\" height=\"484\" \/><\/p>\n                <\/div><\/div><!-- .module_cont --><div style='padding-bottom:40px;' class='gt3_col6  module_number_2 module_cont  module_text_area'>\n                <div class='module_content'>\n                    <p><img decoding=\"async\" src=\"\/wp-content\/uploads\/2023\/02\/BlogPostPreview_Meet_Fitness_Hub_Desktop.jpg\" alt=\"\" width=\"550\" height=\"484\" \/><\/p>\n                <\/div><\/div><!-- .module_cont --><\/div><div class='gt3_row-fluid'><div style='padding-bottom:40px;' class='gt3_col12  module_number_3 module_cont  module_divider'><hr class=\"gt3 type1 \"><\/div><!-- .module_cont --><\/div><div class='gt3_row-fluid'><div style='padding-bottom:40px;' class='gt3_col12  module_number_4 module_cont  module_contact_info'><div class='bg_title'><h2 style='' class='headInModule'>Was bietet Dir EGYM?<\/h2><\/div><ul class='contact_info_list'><li class='contact_info_item'><div class='contact_info_wrapper'><span class='contact_info_icon' style='background:#c5c5c5;'><i style='color:#ffffff' class='icon-arrow-circle-right'><\/i><\/span><div class=\"contact_info_text\">voll elektronischer EGYM Kraftzirkel<\/div><\/div><\/li><li class='contact_info_item'><div class='contact_info_wrapper'><span class='contact_info_icon' style='background:#c5c5c5;'><i style='color:#ffffff' class='icon-arrow-circle-right'><\/i><\/span><div class=\"contact_info_text\">elektronischer FLEXX Beweglichkeitszirkel<\/div><\/div><\/li><li class='contact_info_item'><div class='contact_info_wrapper'><span class='contact_info_icon' style='background:#c5c5c5;'><i style='color:#ffffff' class='icon-arrow-circle-right'><\/i><\/span><div class=\"contact_info_text\">optimal Trainingsreize durch digitale Trainingssteuerung<\/div><\/div><\/li><li class='contact_info_item'><div class='contact_info_wrapper'><span class='contact_info_icon' style='background:#c5c5c5;'><i style='color:#ffffff' class='icon-arrow-circle-right'><\/i><\/span><div class=\"contact_info_text\">Fitnesshub<\/div><\/div><\/li><li class='contact_info_item'><div class='contact_info_wrapper'><span class='contact_info_icon' style='background:#c5c5c5;'><i style='color:#ffffff' class='icon-arrow-circle-right'><\/i><\/span><div class=\"contact_info_text\">regelm\u00e4\u00dfige Kraft- und Beweglichkeitstests<\/div><\/div><\/li><li class='contact_info_item'><div class='contact_info_wrapper'><span class='contact_info_icon' style='background:#c5c5c5;'><i style='color:#ffffff' class='icon-arrow-circle-right'><\/i><\/span><div class=\"contact_info_text\">regelm\u00e4\u00dfige K\u00f6rperfettanalyse<\/div><\/div><\/li><li class='contact_info_item'><div class='contact_info_wrapper'><span class='contact_info_icon' style='background:#c5c5c5;'><i style='color:#ffffff' class='icon-arrow-circle-right'><\/i><\/span><div class=\"contact_info_text\">Fortschrittsdokumentation durch dein pers\u00f6nliches Bio Age<\/div><\/div><\/li><\/ul><\/div><!-- .module_cont --><\/div><div class='gt3_row-fluid'><div style='padding-bottom:40px;' class='gt3_col12  module_number_5 module_cont  module_divider'><hr class=\"gt3 type1 \"><\/div><!-- .module_cont --><\/div><div class='gt3_row-fluid'><div style='padding-bottom:40px;' class='gt3_col8  module_number_6 module_cont  module_title'><div class='bg_title'><h2 style='' class='headInModule'>Haben wir Dein Interesse geweckt?<\/h2><\/div><\/div><!-- .module_cont --><div style='padding-bottom:40px;' class='gt3_col4  module_number_7 module_cont  module_iconboxes'>\n\t\t\t<div class='module_content shortcode_iconbox'>\n\t\t\t\t\n\t\t\t\t<div class='iconbox_wrapper'>\t\t\t\t\t\n\t\t\t\t\t\t<div class='ico_wrapper'>\n\t\t\t\t\t\t\t<div class='ico'>\n\t\t\t\t\t\t\t\t<i class=icon-comments-o><\/i>\n\t\t\t\t\t\t\t<\/div>\n\t\t\t\t\t\t<\/div>\n\t\t\t\t\t\t<div class='iconbox_body'>\n\t\t\t\t\t\t\t<div class='iconbox_title'>Komm bei uns im Studio vorbei und lass Dich umfassend Beraten<\/div>\n\t\t\t\t\t\t\t\n\t\t\t\t\t\t<\/div>\n\t\t\t\t<\/div>\n\t\t\t\t\n\t\t\t<\/div>\n\t\t\t<\/div><!-- .module_cont --><\/div><div class='gt3_row-fluid'><div style='padding-bottom:40px;' class='gt3_col12  module_number_8 module_cont  module_divider'><hr class=\"gt3 type1 \"><\/div><!-- .module_cont --><\/div><div class='gt3_row-fluid'><div style='padding-bottom:40px;' class='gt3_col12  module_number_9 module_cont  module_text_area'>\n                <div class='module_content'>\n                    <p><img decoding=\"async\" src=\"\/wp-content\/uploads\/2023\/02\/EGYM-Trainingsflaeche.jpg\" alt=\"\" width=\"1280\" height=\"463\" \/><\/p>\n                <\/div><\/div><!-- .module_cont --><\/div><div class='gt3_row-fluid'><div style='padding-bottom:40px;' class='gt3_col12  module_number_10 module_cont  module_divider'><hr class=\"gt3 type1 \"><\/div><!-- .module_cont --><\/div><div class='gt3_row-fluid'><div style='padding-bottom:40px;' class='gt3_col6  module_number_11 module_cont  module_title'><div class='bg_title'><h2 style='' class='headInModule'>Smart Strength<\/h2><\/div><\/div><!-- .module_cont --><div style='padding-bottom:40px;' class='gt3_col6  module_number_12 module_cont  module_title'><div class='bg_title'><h2 style='' class='headInModule'>Smart Flex<\/h2><\/div><\/div><!-- .module_cont --><\/div><div class='gt3_row-fluid'><div style='padding-bottom:40px;' class='gt3_col6  module_number_13 module_cont  module_text_area'>\n                <div class='module_content'>\n                    <p><span style=\"color: #b22222; font-family: 'Open Sans', sans-serif; text-align: center; background-color: #f0f0f0;\"><div class='white' style='border-radius:0px; padding:0px 0px 0px 0px;'>\n<div id='Slider_440' class='owl-carousel sa_owl_theme owl-pagination-true' data-slider-id='Slider_440' style='visibility:hidden;'>\n<div id='Slider_440_slide01' class='sa_hover_container' style='padding:5px 5px; margin:0px 0%; background-image:url(&quot;https:\/\/i0.wp.com\/cityfit.de\/wp-content\/uploads\/2023\/06\/IMG_4953-scaled.jpeg?fit=1920%2C2560&amp;ssl=1&quot;); background-position:center center; background-size:contain; background-repeat:no-repeat; '><style>.SliderButton1{background: !important;color: !important}.SliderButton1:hover{background:!important;color:!important}<\/style><div class='textContainer'><\/div><div><a href=' '  type='button'   target='_self' class='btn SliderButton1'><\/a><\/div><\/div>\n<div id='Slider_440_slide02' class='sa_hover_container' style='padding:5px 5px; margin:0px 0%; background-image:url(&quot;https:\/\/i0.wp.com\/cityfit.de\/wp-content\/uploads\/2023\/06\/IMG_4952-scaled.jpeg?fit=1920%2C2560&amp;ssl=1&quot;); background-position:center center; background-size:contain; background-repeat:no-repeat; '><style>.SliderButton2{background: !important;color: !important}.SliderButton2:hover{background:!important;color:!important}<\/style><div class='textContainer'><\/div><div><a href=' '  type='button'   target='_self' class='btn SliderButton2'><\/a><\/div><\/div>\n<div id='Slider_440_slide03' class='sa_hover_container' style='padding:5px 5px; margin:0px 0%; background-image:url(&quot;https:\/\/i0.wp.com\/cityfit.de\/wp-content\/uploads\/2023\/06\/IMG_4951-scaled.jpeg?fit=1920%2C2560&amp;ssl=1&quot;); background-position:center center; background-size:contain; background-repeat:no-repeat; '><style>.SliderButton3{background: !important;color: !important}.SliderButton3:hover{background:!important;color:!important}<\/style><div class='textContainer'><\/div><div><a href=' '  type='button'   target='_self' class='btn SliderButton3'><\/a><\/div><\/div>\n<div id='Slider_440_slide04' class='sa_hover_container' style='padding:5px 5px; margin:0px 0%; background-image:url(&quot;https:\/\/i0.wp.com\/cityfit.de\/wp-content\/uploads\/2023\/06\/IMG_4950-scaled.jpeg?fit=1920%2C2560&amp;ssl=1&quot;); background-position:center center; background-size:contain; background-repeat:no-repeat; '><style>.SliderButton4{background: !important;color: !important}.SliderButton4:hover{background:!important;color:!important}<\/style><div class='textContainer'><\/div><div><a href=' '  type='button'   target='_self' class='btn SliderButton4'><\/a><\/div><\/div>\n<div id='Slider_440_slide05' class='sa_hover_container' style='padding:5px 5px; margin:0px 0%; background-image:url(&quot;https:\/\/i0.wp.com\/cityfit.de\/wp-content\/uploads\/2023\/06\/IMG_4950-scaled.jpeg?fit=1920%2C2560&amp;ssl=1&quot;); background-position:center center; background-size:contain; background-repeat:no-repeat; '><style>.SliderButton5{background: !important;color: !important}.SliderButton5:hover{background:!important;color:!important}<\/style><div class='textContainer'><\/div><div><a href=' '  type='button'   target='_self' class='btn SliderButton5'><\/a><\/div><\/div>\n<div id='Slider_440_slide06' class='sa_hover_container' style='padding:5px 5px; margin:0px 0%; background-image:url(&quot;https:\/\/i0.wp.com\/cityfit.de\/wp-content\/uploads\/2023\/06\/IMG_4949-scaled.jpeg?fit=1920%2C2560&amp;ssl=1&quot;); background-position:center center; background-size:contain; background-repeat:no-repeat; '><style>.SliderButton6{background: !important;color: !important}.SliderButton6:hover{background:!important;color:!important}<\/style><div class='textContainer'><\/div><div><a href=' '  type='button'   target='_self' class='btn SliderButton6'><\/a><\/div><\/div>\n<div id='Slider_440_slide07' class='sa_hover_container' style='padding:5px 5px; margin:0px 0%; background-image:url(&quot;https:\/\/i0.wp.com\/cityfit.de\/wp-content\/uploads\/2023\/06\/IMG_4948-scaled.jpeg?fit=1920%2C2560&amp;ssl=1&quot;); background-position:center center; background-size:contain; background-repeat:no-repeat; '><style>.SliderButton7{background: !important;color: !important}.SliderButton7:hover{background:!important;color:!important}<\/style><div class='textContainer'><\/div><div><a href=' '  type='button'   target='_self' class='btn SliderButton7'><\/a><\/div><\/div>\n<div id='Slider_440_slide08' class='sa_hover_container' style='padding:5px 5px; margin:0px 0%; background-image:url(&quot;https:\/\/i0.wp.com\/cityfit.de\/wp-content\/uploads\/2023\/06\/IMG_4947-scaled.jpeg?fit=1920%2C2560&amp;ssl=1&quot;); background-position:center center; background-size:contain; background-repeat:no-repeat; '><style>.SliderButton8{background: !important;color: !important}.SliderButton8:hover{background:!important;color:!important}<\/style><div class='textContainer'><\/div><div><a href=' '  type='button'   target='_self' class='btn SliderButton8'><\/a><\/div><\/div>\n<\/div>\n<\/div>\n<script type='text\/javascript'>\n\tjQuery(document).ready(function() {\n\t\tjQuery('#Slider_440').owlCarousel({\n\t\t\titems : 1,\n\t\t\tsmartSpeed : 200,\n\t\t\tautoplay : true,\n\t\t\tautoplayTimeout : 10000,\n\t\t\tautoplayHoverPause : true,\n\t\t\tsmartSpeed : 200,\n\t\t\tfluidSpeed : 200,\n\t\t\tautoplaySpeed : 200,\n\t\t\tnavSpeed : 200,\n\t\t\tdotsSpeed : 200,\n\t\t\tdotsEach : 1,\n\t\t\tloop : true,\n\t\t\tnav : true,\n\t\t\tnavText : ['Previous','Next'],\n\t\t\tdots : true,\n\t\t\tresponsiveRefreshRate : 200,\n\t\t\tslideBy : 1,\n\t\t\tmergeFit : true,\n\t\t\tautoHeight : false,\n\t\t\tmouseDrag : true,\n\t\t\ttouchDrag : true\n\t\t});\n\t\tjQuery('#Slider_440').css('visibility', 'visible');\n\t\tsa_resize_Slider_440();\n\t\twindow.addEventListener('resize', sa_resize_Slider_440);\n\t\tfunction sa_resize_Slider_440() {\n\t\t\tvar min_height = '500';\n\t\t\tvar win_width = jQuery(window).width();\n\t\t\tvar slider_width = jQuery('#Slider_440').width();\n\t\t\tif (win_width < 480) {\n\t\t\t\tvar slide_width = slider_width \/ 480;\n\t\t\t} else if (win_width < 768) {\n\t\t\t\tvar slide_width = slider_width \/ 768;\n\t\t\t} else if (win_width < 980) {\n\t\t\t\tvar slide_width = slider_width \/ 980;\n\t\t\t} else if (win_width < 1200) {\n\t\t\t\tvar slide_width = slider_width \/ 1200;\n\t\t\t} else if (win_width < 1500) {\n\t\t\t\tvar slide_width = slider_width \/ 1500;\n\t\t\t} else {\n\t\t\t\tvar slide_width = slider_width \/ 1800;\n\t\t\t}\n\t\t\tslide_width = Math.round(slide_width);\n\t\t\tvar slide_height = '500';\n\t\t\tif (min_height == 'aspect43') {\n\t\t\t\tslide_height = (slide_width \/ 4) * 3;\t\t\t\tslide_height = Math.round(slide_height)+'px';\n\t\t\t} else if (min_height == 'aspect169') {\n\t\t\t\tslide_height = (slide_width \/ 16) * 9;\t\t\t\tslide_height = Math.round(slide_height)+'px';\n\t\t\t} else {\n\t\t\t\tslide_height = slide_height;\t\t\t\tslide_height = Math.round(slide_height)+'px';\n\t\t\t}\n\t\t\tjQuery('#Slider_440 .owl-item .sa_hover_container').css('min-height', slide_height);\n\t\t}\n\t\tvar owl_goto = jQuery('#Slider_440');\n\t\tjQuery('.Slider_440_goto1').click(function(event){\n\t\t\towl_goto.trigger('to.owl.carousel', 0);\n\t\t});\n\t\tjQuery('.Slider_440_goto2').click(function(event){\n\t\t\towl_goto.trigger('to.owl.carousel', 1);\n\t\t});\n\t\tjQuery('.Slider_440_goto3').click(function(event){\n\t\t\towl_goto.trigger('to.owl.carousel', 2);\n\t\t});\n\t\tjQuery('.Slider_440_goto4').click(function(event){\n\t\t\towl_goto.trigger('to.owl.carousel', 3);\n\t\t});\n\t\tjQuery('.Slider_440_goto5').click(function(event){\n\t\t\towl_goto.trigger('to.owl.carousel', 4);\n\t\t});\n\t\tjQuery('.Slider_440_goto6').click(function(event){\n\t\t\towl_goto.trigger('to.owl.carousel', 5);\n\t\t});\n\t\tjQuery('.Slider_440_goto7').click(function(event){\n\t\t\towl_goto.trigger('to.owl.carousel', 6);\n\t\t});\n\t\tjQuery('.Slider_440_goto8').click(function(event){\n\t\t\towl_goto.trigger('to.owl.carousel', 7);\n\t\t});\n\t\tvar resize_440 = jQuery('.owl-carousel');\n\t\tresize_440.on('initialized.owl.carousel', function(e) {\n\t\t\tif (typeof(Event) === 'function') {\n\t\t\t\twindow.dispatchEvent(new Event('resize'));\n\t\t\t} else {\n\t\t\t\tvar evt = window.document.createEvent('UIEvents');\n\t\t\t\tevt.initUIEvent('resize', true, false, window, 0);\n\t\t\t\twindow.dispatchEvent(evt);\n\t\t\t}\n\t\t});\n\t});\n<\/script>\n<\/span><\/p>\n                <\/div><\/div><!-- .module_cont --><div style='padding-bottom:40px;' class='gt3_col6  module_number_14 module_cont  module_text_area'>\n                <div class='module_content'>\n                    <p><span style=\"color: #b22222; font-family: 'Open Sans', sans-serif; text-align: center; background-color: #f0f0f0;\"><div class='white' style='border-radius:0px; padding:0px 0px 0px 0px;'>\n<div id='Slider_538' class='owl-carousel sa_owl_theme owl-pagination-true' data-slider-id='Slider_538' style='visibility:hidden;'>\n<div id='Slider_538_slide01' class='sa_hover_container' style='padding:5px 5px; margin:0px 0%; background-image:url(&quot;https:\/\/i0.wp.com\/cityfit.de\/wp-content\/uploads\/2023\/02\/SMART-FLEX-F6-Calf.png?fit=1920%2C2059&amp;ssl=1&quot;); background-position:center center; background-size:contain; background-repeat:no-repeat; '><style>.SliderButton1{background: !important;color: !important}.SliderButton1:hover{background:!important;color:!important}<\/style><div class='textContainer'><\/div><div><a href=' '  type='button'   target='_self' class='btn SliderButton1'><\/a><\/div><\/div>\n<div id='Slider_538_slide02' class='sa_hover_container' style='padding:5px 5px; margin:0px 0%; background-image:url(&quot;https:\/\/i0.wp.com\/cityfit.de\/wp-content\/uploads\/2023\/02\/SMART-FLEX-F2-Hip.png?fit=1920%2C2059&amp;ssl=1&quot;); background-position:center center; background-size:contain; background-repeat:no-repeat; '><style>.SliderButton2{background: !important;color: !important}.SliderButton2:hover{background:!important;color:!important}<\/style><div class='textContainer'><\/div><div><a href=' '  type='button'   target='_self' class='btn SliderButton2'><\/a><\/div><\/div>\n<div id='Slider_538_slide03' class='sa_hover_container' style='padding:5px 5px; margin:0px 0%; background-image:url(&quot;https:\/\/i0.wp.com\/cityfit.de\/wp-content\/uploads\/2023\/02\/SMART-FLEX-F4-Neck.png?fit=1920%2C2059&amp;ssl=1&quot;); background-position:center center; background-size:contain; background-repeat:no-repeat; '><style>.SliderButton3{background: !important;color: !important}.SliderButton3:hover{background:!important;color:!important}<\/style><div class='textContainer'><\/div><div><a href=' '  type='button'   target='_self' class='btn SliderButton3'><\/a><\/div><\/div>\n<div id='Slider_538_slide04' class='sa_hover_container' style='padding:5px 5px; margin:0px 0%; background-image:url(&quot;https:\/\/i0.wp.com\/cityfit.de\/wp-content\/uploads\/2023\/02\/SMART-FLEX-F3-Chest.png?fit=1920%2C2059&amp;ssl=1&quot;); background-position:center center; background-size:contain; background-repeat:no-repeat; '><style>.SliderButton4{background: !important;color: !important}.SliderButton4:hover{background:!important;color:!important}<\/style><div class='textContainer'><\/div><div><a href=' '  type='button'   target='_self' class='btn SliderButton4'><\/a><\/div><\/div>\n<div id='Slider_538_slide05' class='sa_hover_container' style='padding:5px 5px; margin:0px 0%; background-image:url(&quot;https:\/\/i0.wp.com\/cityfit.de\/wp-content\/uploads\/2023\/02\/SMART-FLEX-F9-Glutes.png?fit=1920%2C2059&amp;ssl=1&quot;); background-position:center center; background-size:contain; background-repeat:no-repeat; '><style>.SliderButton5{background: !important;color: !important}.SliderButton5:hover{background:!important;color:!important}<\/style><div class='textContainer'><\/div><div><a href=' '  type='button'   target='_self' class='btn SliderButton5'><\/a><\/div><\/div>\n<\/div>\n<\/div>\n<script type='text\/javascript'>\n\tjQuery(document).ready(function() {\n\t\tjQuery('#Slider_538').owlCarousel({\n\t\t\titems : 1,\n\t\t\tsmartSpeed : 200,\n\t\t\tautoplay : true,\n\t\t\tautoplayTimeout : 10000,\n\t\t\tautoplayHoverPause : true,\n\t\t\tsmartSpeed : 200,\n\t\t\tfluidSpeed : 200,\n\t\t\tautoplaySpeed : 200,\n\t\t\tnavSpeed : 200,\n\t\t\tdotsSpeed : 200,\n\t\t\tdotsEach : 1,\n\t\t\tloop : true,\n\t\t\tnav : true,\n\t\t\tnavText : ['Previous','Next'],\n\t\t\tdots : true,\n\t\t\tresponsiveRefreshRate : 200,\n\t\t\tslideBy : 1,\n\t\t\tmergeFit : true,\n\t\t\tautoHeight : false,\n\t\t\tmouseDrag : true,\n\t\t\ttouchDrag : true\n\t\t});\n\t\tjQuery('#Slider_538').css('visibility', 'visible');\n\t\tsa_resize_Slider_538();\n\t\twindow.addEventListener('resize', sa_resize_Slider_538);\n\t\tfunction sa_resize_Slider_538() {\n\t\t\tvar min_height = '500';\n\t\t\tvar win_width = jQuery(window).width();\n\t\t\tvar slider_width = jQuery('#Slider_538').width();\n\t\t\tif (win_width < 480) {\n\t\t\t\tvar slide_width = slider_width \/ 480;\n\t\t\t} else if (win_width < 768) {\n\t\t\t\tvar slide_width = slider_width \/ 768;\n\t\t\t} else if (win_width < 980) {\n\t\t\t\tvar slide_width = slider_width \/ 980;\n\t\t\t} else if (win_width < 1200) {\n\t\t\t\tvar slide_width = slider_width \/ 1200;\n\t\t\t} else if (win_width < 1500) {\n\t\t\t\tvar slide_width = slider_width \/ 1500;\n\t\t\t} else {\n\t\t\t\tvar slide_width = slider_width \/ 1800;\n\t\t\t}\n\t\t\tslide_width = Math.round(slide_width);\n\t\t\tvar slide_height = '500';\n\t\t\tif (min_height == 'aspect43') {\n\t\t\t\tslide_height = (slide_width \/ 4) * 3;\t\t\t\tslide_height = Math.round(slide_height)+'px';\n\t\t\t} else if (min_height == 'aspect169') {\n\t\t\t\tslide_height = (slide_width \/ 16) * 9;\t\t\t\tslide_height = Math.round(slide_height)+'px';\n\t\t\t} else {\n\t\t\t\tslide_height = slide_height;\t\t\t\tslide_height = Math.round(slide_height)+'px';\n\t\t\t}\n\t\t\tjQuery('#Slider_538 .owl-item .sa_hover_container').css('min-height', slide_height);\n\t\t}\n\t\tvar owl_goto = jQuery('#Slider_538');\n\t\tjQuery('.Slider_538_goto1').click(function(event){\n\t\t\towl_goto.trigger('to.owl.carousel', 0);\n\t\t});\n\t\tjQuery('.Slider_538_goto2').click(function(event){\n\t\t\towl_goto.trigger('to.owl.carousel', 1);\n\t\t});\n\t\tjQuery('.Slider_538_goto3').click(function(event){\n\t\t\towl_goto.trigger('to.owl.carousel', 2);\n\t\t});\n\t\tjQuery('.Slider_538_goto4').click(function(event){\n\t\t\towl_goto.trigger('to.owl.carousel', 3);\n\t\t});\n\t\tjQuery('.Slider_538_goto5').click(function(event){\n\t\t\towl_goto.trigger('to.owl.carousel', 4);\n\t\t});\n\t\tvar resize_538 = jQuery('.owl-carousel');\n\t\tresize_538.on('initialized.owl.carousel', function(e) {\n\t\t\tif (typeof(Event) === 'function') {\n\t\t\t\twindow.dispatchEvent(new Event('resize'));\n\t\t\t} else {\n\t\t\t\tvar evt = window.document.createEvent('UIEvents');\n\t\t\t\tevt.initUIEvent('resize', true, false, window, 0);\n\t\t\t\twindow.dispatchEvent(evt);\n\t\t\t}\n\t\t});\n\t});\n<\/script>\n<\/span><\/p>\n                <\/div><\/div><!-- .module_cont --><\/div><div class='gt3_row-fluid'><div style='padding-bottom:40px;' class='gt3_col6  module_number_15 module_cont  module_text_area'>\n                <div class='module_content'>\n                    <h2 class=\"coh-heading ssa-instance-d2badc845b5592438ef3a0e4e47f8536 coh-ce-cpt_text_title_with_copy-4bec4147\" style=\"box-sizing: border-box; margin: 0px; padding: 0px; border: 0px; outline: 0px; vertical-align: baseline; background: transparent; font-size: 2.5rem; font-weight: normal; line-height: 1.5; font-family: 'Helvetica Now Display Bold', Helvetica, sans-serif; text-align: center;\">F&uuml;r Einsteiger. F&uuml;r Experten. F&uuml;r echte Menschen.<\/h2>\r\n<p class=\"coh-paragraph ssa-instance-d2badc845b5592438ef3a0e4e47f8536 coh-ce-cpt_text_title_with_copy-6d89d7c0\" style=\"box-sizing: border-box; margin: 1.5625rem 0px 0px; padding: 0px; border: 0px; outline: 0px; vertical-align: baseline; background: transparent; font-size: 18px; line-height: 1.5; font-family: 'Helvetica Now Display Regular', Helvetica, sans-serif; visibility: visible; height: auto; text-align: center;\">Smart Strength er&ouml;ffnet eine neue &Auml;ra personalisierter Trainingserlebnisse f&uuml;r alle deine Mitglieder und verbindet effektives Training mit einer personalisierten, motivierenden Nutzererfahrung &mdash; f&uuml;r jeden vom Einsteiger bis hin zum Experten.<\/p>\n                <\/div><\/div><!-- .module_cont --><div style='padding-bottom:40px;' class='gt3_col6  module_number_16 module_cont  module_text_area'>\n                <div class='module_content'>\n                    <div class=\"coh-container ssa-component coh-component ssa-component-instance-337529d9-65c4-46d4-b188-35f52876be6d coh-component-instance-337529d9-65c4-46d4-b188-35f52876be6d ssa-instance-eb595858d512a76dcf135d8ef4e765f8 coh-ce-cpt_text_title_with_copy-6cde9e9c\" style=\"box-sizing: border-box; margin: 0px auto 3.4375rem; padding: 0px 3.75rem; border: 0px; outline: 0px; vertical-align: baseline; background: transparent; max-width: 1100px; text-align: center; width: 1100px; font-family: 'Helvetica Now Display Regular', Helvetica, sans-serif; font-size: 18px;\">\r\n<h2 class=\"coh-heading ssa-instance-eb595858d512a76dcf135d8ef4e765f8 coh-ce-cpt_text_title_with_copy-4bec4147\" style=\"box-sizing: border-box; margin: 0px; padding: 0px; border: 0px; outline: 0px; vertical-align: baseline; background: transparent; font-size: 2.5rem; font-weight: normal; line-height: 1.5; font-family: 'Helvetica Now Display Bold', Helvetica, sans-serif;\">Effizientes Muskell&auml;ngentraining f&uuml;r eine verbesserte Beweglichkeit.<\/h2>\r\n<p class=\"coh-paragraph ssa-instance-eb595858d512a76dcf135d8ef4e765f8 coh-ce-cpt_text_title_with_copy-6d89d7c0\" style=\"box-sizing: border-box; margin: 1.5625rem 0px 0px; padding: 0px; border: 0px; outline: 0px; vertical-align: baseline; background: transparent; font-size: 1.125rem; line-height: 1.5; visibility: visible; height: auto;\">EGYM Smart Flex stellt sich vollautomatisch auf deine Mitglieder ein und gibt die ideale Belastungs- und Pausenzeit mit Licht- und Vibrationssignalen vor &ndash; f&uuml;r ein korrektes und zielgerichtetes Training &uuml;ber alle Zielgruppen hinweg.<\/p>\r\n<p>&nbsp;<\/p>\r\n<\/div>\n                <\/div><\/div><!-- .module_cont --><\/div>","protected":false},"excerpt":{"rendered":"<p>Was bietet Dir EGYM?voll elektronischer EGYM Kraftzirkelelektronischer FLEXX Beweglichkeitszirkeloptimal Trainingsreize durch digitale TrainingssteuerungFitnesshubregelm\u00e4\u00dfige Kraft- und Beweglichkeitstestsregelm\u00e4\u00dfige K\u00f6rperfettanalyseFortschrittsdokumentation durch dein pers\u00f6nliches Bio AgeHaben wir Dein Interesse geweckt? Komm bei uns im Studio vorbei und lass Dich umfassend Beraten Smart StrengthSmart Flex F&uuml;r Einsteiger. F&uuml;r Experten. F&uuml;r echte Menschen. Smart Strength er&ouml;ffnet eine neue &Auml;ra personalisierter Trainingserlebnisse f&uuml;r alle deine Mitglieder und verbindet effektives Training mit einer personalisierten, motivierenden Nutzererfahrung &mdash; f&uuml;r jeden vom Einsteiger bis hin zum Experten. Effizientes Muskell&auml;ngentraining f&uuml;r eine verbesserte Beweglichkeit. EGYM Smart Flex stellt sich vollautomatisch auf deine Mitglieder ein und gibt die ideale Belastungs- und Pausenzeit mit Licht- und Vibrationssignalen vor &ndash; f&uuml;r ein korrektes und zielgerichtetes Training &uuml;ber alle Zielgruppen hinweg. &nbsp;<\/p>\n","protected":false},"author":1,"featured_media":0,"parent":0,"menu_order":0,"comment_status":"closed","ping_status":"closed","template":"","meta":{"advanced_seo_description":"","jetpack_seo_html_title":"","jetpack_seo_noindex":false,"footnotes":""},"class_list":["post-260","page","type-page","status-publish","hentry"],"jetpack_sharing_enabled":true,"_links":{"self":[{"href":"https:\/\/cityfit.de\/index.php?rest_route=\/wp\/v2\/pages\/260","targetHints":{"allow":["GET"]}}],"collection":[{"href":"https:\/\/cityfit.de\/index.php?rest_route=\/wp\/v2\/pages"}],"about":[{"href":"https:\/\/cityfit.de\/index.php?rest_route=\/wp\/v2\/types\/page"}],"author":[{"embeddable":true,"href":"https:\/\/cityfit.de\/index.php?rest_route=\/wp\/v2\/users\/1"}],"replies":[{"embeddable":true,"href":"https:\/\/cityfit.de\/index.php?rest_route=%2Fwp%2Fv2%2Fcomments&post=260"}],"version-history":[{"count":1,"href":"https:\/\/cityfit.de\/index.php?rest_route=\/wp\/v2\/pages\/260\/revisions"}],"predecessor-version":[{"id":261,"href":"https:\/\/cityfit.de\/index.php?rest_route=\/wp\/v2\/pages\/260\/revisions\/261"}],"wp:attachment":[{"href":"https:\/\/cityfit.de\/index.php?rest_route=%2Fwp%2Fv2%2Fmedia&parent=260"}],"curies":[{"name":"wp","href":"https:\/\/api.w.org\/{rel}","templated":true}]}}